{"id":33328,"date":"2024-10-11T09:50:21","date_gmt":"2024-10-11T07:50:21","guid":{"rendered":"https:\/\/qualifornia-massage.ch\/our-practitioners-3\/"},"modified":"2024-10-13T16:06:42","modified_gmt":"2024-10-13T14:06:42","slug":"our-practitioners-3","status":"publish","type":"page","link":"https:\/\/qualifornia-massage.ch\/en\/our-practitioners-3\/","title":{"rendered":"Our practitioners"},"content":{"rendered":"\n<div class=\"wp-block-columns is-layout-flex wp-container-core-columns-is-layout-28f84493 wp-block-columns-is-layout-flex\">\n<div class=\"wp-block-column is-layout-flow wp-block-column-is-layout-flow\">\n<figure class=\"wp-block-image size-large\"><img loading=\"lazy\" decoding=\"async\" width=\"794\" height=\"1024\" src=\"https:\/\/qualifornia-massage.ch\/wp-content\/uploads\/2024\/10\/IMG-20241011-WA0004-794x1024.jpg\" alt=\"\" class=\"wp-image-33305\" srcset=\"https:\/\/qualifornia-massage.ch\/wp-content\/uploads\/2024\/10\/IMG-20241011-WA0004-794x1024.jpg 794w, https:\/\/qualifornia-massage.ch\/wp-content\/uploads\/2024\/10\/IMG-20241011-WA0004-233x300.jpg 233w, https:\/\/qualifornia-massage.ch\/wp-content\/uploads\/2024\/10\/IMG-20241011-WA0004-768x991.jpg 768w, https:\/\/qualifornia-massage.ch\/wp-content\/uploads\/2024\/10\/IMG-20241011-WA0004-19x24.jpg 19w, https:\/\/qualifornia-massage.ch\/wp-content\/uploads\/2024\/10\/IMG-20241011-WA0004-28x36.jpg 28w, https:\/\/qualifornia-massage.ch\/wp-content\/uploads\/2024\/10\/IMG-20241011-WA0004-37x48.jpg 37w, https:\/\/qualifornia-massage.ch\/wp-content\/uploads\/2024\/10\/IMG-20241011-WA0004-600x774.jpg 600w, https:\/\/qualifornia-massage.ch\/wp-content\/uploads\/2024\/10\/IMG-20241011-WA0004.jpg 1170w\" sizes=\"auto, (max-width: 794px) 100vw, 794px\" \/><\/figure>\n<\/div>\n\n\n\n<div class=\"wp-block-column is-layout-flow wp-block-column-is-layout-flow\">\n<p><strong>LANA<\/strong> &#8211; 25 ANS<\/p>\n\n\n\n<p>French practitioner Lana invites you to discover a sensual and refined massage, where intimacy and total discretion create a moment of sensory ecstasy.<\/p>\n\n\n\n<p><strong><em>Actuellement au salon !<\/em><\/strong><\/p>\n\n\n\n<div class=\"wp-block-buttons is-layout-flex wp-block-buttons-is-layout-flex\">\n<div class=\"wp-block-button\"><a class=\"wp-block-button__link wp-element-button\" href=\"https:\/\/wa.me\/41783110483\" target=\"_blank\" rel=\"noopener\">R\u00e9servation WhatsApp<\/a><\/div>\n<\/div>\n<\/div>\n<\/div>\n\n<div class=\"wp-block-columns is-layout-flex wp-container-core-columns-is-layout-28f84493 wp-block-columns-is-layout-flex\">\n<div class=\"wp-block-column is-layout-flow wp-block-column-is-layout-flow\">\n<figure class=\"wp-block-image size-large\"><img loading=\"lazy\" decoding=\"async\" width=\"768\" height=\"1024\" src=\"https:\/\/qualifornia-massage.ch\/wp-content\/uploads\/2024\/10\/PHOTO-2024-10-07-17-49-06_ok-1-768x1024.jpg\" alt=\"\" class=\"wp-image-33308\" srcset=\"https:\/\/qualifornia-massage.ch\/wp-content\/uploads\/2024\/10\/PHOTO-2024-10-07-17-49-06_ok-1-768x1024.jpg 768w, https:\/\/qualifornia-massage.ch\/wp-content\/uploads\/2024\/10\/PHOTO-2024-10-07-17-49-06_ok-1-225x300.jpg 225w, https:\/\/qualifornia-massage.ch\/wp-content\/uploads\/2024\/10\/PHOTO-2024-10-07-17-49-06_ok-1-1152x1536.jpg 1152w, https:\/\/qualifornia-massage.ch\/wp-content\/uploads\/2024\/10\/PHOTO-2024-10-07-17-49-06_ok-1-18x24.jpg 18w, https:\/\/qualifornia-massage.ch\/wp-content\/uploads\/2024\/10\/PHOTO-2024-10-07-17-49-06_ok-1-27x36.jpg 27w, https:\/\/qualifornia-massage.ch\/wp-content\/uploads\/2024\/10\/PHOTO-2024-10-07-17-49-06_ok-1-36x48.jpg 36w, https:\/\/qualifornia-massage.ch\/wp-content\/uploads\/2024\/10\/PHOTO-2024-10-07-17-49-06_ok-1-600x800.jpg 600w, https:\/\/qualifornia-massage.ch\/wp-content\/uploads\/2024\/10\/PHOTO-2024-10-07-17-49-06_ok-1.jpg 1536w\" sizes=\"auto, (max-width: 768px) 100vw, 768px\" \/><\/figure>\n<\/div>\n\n\n\n<div class=\"wp-block-column is-layout-flow wp-block-column-is-layout-flow\">\n<p><strong>DITA<\/strong> &#8211; 27 ANS<\/p>\n\n\n\n<p>Dita, praticienne fran\u00e7aise aux mains de velours, vous invite \u00e0 une \u00e9treinte intime pour voyager dans un moment inoubliable ou la lenteur invite la sensualit\u00e9 \u00e0 se d\u00e9ployer.<\/p>\n\n\n\n<p><strong><em>Actuellement au salon !<\/em><\/strong><\/p>\n\n\n\n<div class=\"wp-block-buttons is-layout-flex wp-block-buttons-is-layout-flex\">\n<div class=\"wp-block-button\"><a class=\"wp-block-button__link wp-element-button\" href=\"https:\/\/wa.me\/41783035004\" target=\"_blank\" rel=\"noopener\">R\u00e9servation WhatsApp<\/a><\/div>\n<\/div>\n<\/div>\n<\/div>\n\n<div class=\"wp-block-columns is-layout-flex wp-container-core-columns-is-layout-28f84493 wp-block-columns-is-layout-flex\">\n<div class=\"wp-block-column is-layout-flow wp-block-column-is-layout-flow\">\n<figure class=\"wp-block-image size-large\"><img loading=\"lazy\" decoding=\"async\" width=\"905\" height=\"1024\" src=\"https:\/\/qualifornia-massage.ch\/wp-content\/uploads\/2024\/10\/IMG_2246-e63435d85d66b3e4417839a2178689cb-Copie-905x1024.jpg\" alt=\"\" class=\"wp-image-33354\" srcset=\"https:\/\/qualifornia-massage.ch\/wp-content\/uploads\/2024\/10\/IMG_2246-e63435d85d66b3e4417839a2178689cb-Copie-905x1024.jpg 905w, https:\/\/qualifornia-massage.ch\/wp-content\/uploads\/2024\/10\/IMG_2246-e63435d85d66b3e4417839a2178689cb-Copie-265x300.jpg 265w, https:\/\/qualifornia-massage.ch\/wp-content\/uploads\/2024\/10\/IMG_2246-e63435d85d66b3e4417839a2178689cb-Copie-768x869.jpg 768w, https:\/\/qualifornia-massage.ch\/wp-content\/uploads\/2024\/10\/IMG_2246-e63435d85d66b3e4417839a2178689cb-Copie-1358x1536.jpg 1358w, https:\/\/qualifornia-massage.ch\/wp-content\/uploads\/2024\/10\/IMG_2246-e63435d85d66b3e4417839a2178689cb-Copie-1810x2048.jpg 1810w, https:\/\/qualifornia-massage.ch\/wp-content\/uploads\/2024\/10\/IMG_2246-e63435d85d66b3e4417839a2178689cb-Copie-21x24.jpg 21w, https:\/\/qualifornia-massage.ch\/wp-content\/uploads\/2024\/10\/IMG_2246-e63435d85d66b3e4417839a2178689cb-Copie-32x36.jpg 32w, https:\/\/qualifornia-massage.ch\/wp-content\/uploads\/2024\/10\/IMG_2246-e63435d85d66b3e4417839a2178689cb-Copie-42x48.jpg 42w, https:\/\/qualifornia-massage.ch\/wp-content\/uploads\/2024\/10\/IMG_2246-e63435d85d66b3e4417839a2178689cb-Copie-600x679.jpg 600w\" sizes=\"auto, (max-width: 905px) 100vw, 905px\" \/><\/figure>\n<\/div>\n\n\n\n<div class=\"wp-block-column is-layout-flow wp-block-column-is-layout-flow\">\n<p><strong>MEGAN<\/strong> &#8211; 27 ANS<\/p>\n\n\n\n<p>Megan, magnifique praticienne de l\u2019est, aux jambes infinies et au regard de braise saura vous impressionner non seulement par sa beaut\u00e9 mais \u00e9galement par son c\u00f4t\u00e9 tr\u00e8s sensuel.<\/p>\n\n\n\n<p><strong><em>Pr\u00e9sente le 18 octobre !<\/em><\/strong><\/p>\n\n\n\n<div class=\"wp-block-buttons is-layout-flex wp-block-buttons-is-layout-flex\"><\/div>\n<\/div>\n<\/div>\n\n<div class=\"wp-block-columns is-layout-flex wp-container-core-columns-is-layout-28f84493 wp-block-columns-is-layout-flex\">\n<div class=\"wp-block-column is-layout-flow wp-block-column-is-layout-flow\">\n<figure class=\"wp-block-image alignfull size-full\"><img loading=\"lazy\" decoding=\"async\" width=\"720\" height=\"943\" src=\"https:\/\/qualifornia-massage.ch\/wp-content\/uploads\/2024\/10\/Amelya-1.jpg\" alt=\"\" class=\"wp-image-33372\" srcset=\"https:\/\/qualifornia-massage.ch\/wp-content\/uploads\/2024\/10\/Amelya-1.jpg 720w, https:\/\/qualifornia-massage.ch\/wp-content\/uploads\/2024\/10\/Amelya-1-229x300.jpg 229w, https:\/\/qualifornia-massage.ch\/wp-content\/uploads\/2024\/10\/Amelya-1-18x24.jpg 18w, https:\/\/qualifornia-massage.ch\/wp-content\/uploads\/2024\/10\/Amelya-1-27x36.jpg 27w, https:\/\/qualifornia-massage.ch\/wp-content\/uploads\/2024\/10\/Amelya-1-37x48.jpg 37w, https:\/\/qualifornia-massage.ch\/wp-content\/uploads\/2024\/10\/Amelya-1-600x786.jpg 600w\" sizes=\"auto, (max-width: 720px) 100vw, 720px\" \/><\/figure>\n<\/div>\n\n\n\n<div class=\"wp-block-column is-layout-flow wp-block-column-is-layout-flow\">\n<p><strong>AMELYA<\/strong> &#8211; 38 ANS<\/p>\n\n\n\n<p>Amelya, <strong>praticienne fran\u00e7aise \u00e0 la silhouette naturelle. Son charme et sa sensualit\u00e9 vous feront voyager dans le monde des milles et une nuit, l\u00e0 o\u00f9 le temps n\u2019existe plus.<\/strong><\/p>\n\n\n\n<p><strong><em>Pr\u00e9sente le 24 octobre\u00a0!<\/em><\/strong><\/p>\n\n\n\n<div class=\"wp-block-buttons is-layout-flex wp-block-buttons-is-layout-flex\">\n<div class=\"wp-block-button\"><a class=\"wp-block-button__link wp-element-button\" href=\"http:\/\/wa.me\/41783035004\" target=\"_blank\" rel=\"noopener\">R\u00e9servation WhatsApp<\/a><\/div>\n<\/div>\n<\/div>\n<\/div>\n\n<div class=\"wp-block-columns is-layout-flex wp-container-core-columns-is-layout-28f84493 wp-block-columns-is-layout-flex\">\n<div class=\"wp-block-column is-layout-flow wp-block-column-is-layout-flow\">\n<figure class=\"wp-block-image size-full\"><img loading=\"lazy\" decoding=\"async\" width=\"675\" height=\"900\" src=\"https:\/\/qualifornia-massage.ch\/wp-content\/uploads\/2024\/10\/Joanna.jpg\" alt=\"\" class=\"wp-image-33375\" srcset=\"https:\/\/qualifornia-massage.ch\/wp-content\/uploads\/2024\/10\/Joanna.jpg 675w, https:\/\/qualifornia-massage.ch\/wp-content\/uploads\/2024\/10\/Joanna-225x300.jpg 225w, https:\/\/qualifornia-massage.ch\/wp-content\/uploads\/2024\/10\/Joanna-18x24.jpg 18w, https:\/\/qualifornia-massage.ch\/wp-content\/uploads\/2024\/10\/Joanna-27x36.jpg 27w, https:\/\/qualifornia-massage.ch\/wp-content\/uploads\/2024\/10\/Joanna-36x48.jpg 36w, https:\/\/qualifornia-massage.ch\/wp-content\/uploads\/2024\/10\/Joanna-600x800.jpg 600w\" sizes=\"auto, (max-width: 675px) 100vw, 675px\" \/><\/figure>\n<\/div>\n\n\n\n<div class=\"wp-block-column is-layout-flow wp-block-column-is-layout-flow\">\n<p><strong>JOANNA<\/strong> &#8211; 25 ANS<\/p>\n\n\n\n<p><strong>Joanna, magnifique praticienne de l\u2019est, excessivement douce qui appr\u00e9cie prodiguer des massages aux mouvements intenses et subtiles.<\/strong><\/p>\n\n\n\n<p><strong><em>Pr\u00e9sente le 31 octobre\u00a0!<\/em><\/strong><\/p>\n<\/div>\n<\/div>\n\n<div class=\"wp-block-columns is-layout-flex wp-container-core-columns-is-layout-28f84493 wp-block-columns-is-layout-flex\">\n<div class=\"wp-block-column is-layout-flow wp-block-column-is-layout-flow\">\n<figure class=\"wp-block-image size-full\"><img loading=\"lazy\" decoding=\"async\" width=\"1200\" height=\"1600\" src=\"https:\/\/qualifornia-massage.ch\/wp-content\/uploads\/2024\/10\/Lucie.jpg\" alt=\"\" class=\"wp-image-33378\" srcset=\"https:\/\/qualifornia-massage.ch\/wp-content\/uploads\/2024\/10\/Lucie.jpg 1200w, https:\/\/qualifornia-massage.ch\/wp-content\/uploads\/2024\/10\/Lucie-225x300.jpg 225w, https:\/\/qualifornia-massage.ch\/wp-content\/uploads\/2024\/10\/Lucie-768x1024.jpg 768w, https:\/\/qualifornia-massage.ch\/wp-content\/uploads\/2024\/10\/Lucie-1152x1536.jpg 1152w, https:\/\/qualifornia-massage.ch\/wp-content\/uploads\/2024\/10\/Lucie-18x24.jpg 18w, https:\/\/qualifornia-massage.ch\/wp-content\/uploads\/2024\/10\/Lucie-27x36.jpg 27w, https:\/\/qualifornia-massage.ch\/wp-content\/uploads\/2024\/10\/Lucie-36x48.jpg 36w, https:\/\/qualifornia-massage.ch\/wp-content\/uploads\/2024\/10\/Lucie-600x800.jpg 600w\" sizes=\"auto, (max-width: 1200px) 100vw, 1200px\" \/><\/figure>\n<\/div>\n\n\n\n<div class=\"wp-block-column is-layout-flow wp-block-column-is-layout-flow\">\n<p><strong>LUCIE<\/strong> &#8211; 29 ANS<\/p>\n\n\n\n<p><strong>Lucie, sublimissime blonde de l\u2019est aux magnifiques courbes vous propose des massages hors du commun.<\/strong><\/p>\n\n\n\n<p><strong><em>Pr\u00e9sente le 10 novembre\u00a0!<\/em><\/strong><\/p>\n<\/div>\n<\/div>\n\n<div class=\"wp-block-columns is-layout-flex wp-container-core-columns-is-layout-28f84493 wp-block-columns-is-layout-flex\">\n<div class=\"wp-block-column is-layout-flow wp-block-column-is-layout-flow\">\n<figure class=\"wp-block-image size-full\"><img loading=\"lazy\" decoding=\"async\" width=\"1089\" height=\"1400\" src=\"https:\/\/qualifornia-massage.ch\/wp-content\/uploads\/2024\/10\/Kelly.jpg\" alt=\"\" class=\"wp-image-33387\" srcset=\"https:\/\/qualifornia-massage.ch\/wp-content\/uploads\/2024\/10\/Kelly.jpg 1089w, https:\/\/qualifornia-massage.ch\/wp-content\/uploads\/2024\/10\/Kelly-233x300.jpg 233w, https:\/\/qualifornia-massage.ch\/wp-content\/uploads\/2024\/10\/Kelly-797x1024.jpg 797w, https:\/\/qualifornia-massage.ch\/wp-content\/uploads\/2024\/10\/Kelly-768x987.jpg 768w, https:\/\/qualifornia-massage.ch\/wp-content\/uploads\/2024\/10\/Kelly-19x24.jpg 19w, https:\/\/qualifornia-massage.ch\/wp-content\/uploads\/2024\/10\/Kelly-28x36.jpg 28w, https:\/\/qualifornia-massage.ch\/wp-content\/uploads\/2024\/10\/Kelly-37x48.jpg 37w, https:\/\/qualifornia-massage.ch\/wp-content\/uploads\/2024\/10\/Kelly-600x771.jpg 600w\" sizes=\"auto, (max-width: 1089px) 100vw, 1089px\" \/><\/figure>\n<\/div>\n\n\n\n<div class=\"wp-block-column is-layout-flow wp-block-column-is-layout-flow\">\n<p><strong>KELLY<\/strong> &#8211; 28 ANS<\/p>\n\n\n\n<p><strong><br\/><br\/>Kelly, incroyable charme et sensualit\u00e9 de l\u2019est. Kelly,<br\/>femme charmeuse \u00e0 l\u2019allure f\u00e9line vous guidera sur le chemin du l\u00e2cher prise.<\/strong><br\/><\/p>\n\n\n\n<p><strong><em>Pr\u00e9sente le 19 novembre\u00a0!<\/em><\/strong><\/p>\n<\/div>\n<\/div>\n","protected":false},"excerpt":{"rendered":"<p>LANA &#8211; 25 ANS French practitioner Lana invites you to discover a sensual and refined massage, where intimacy and total discretion create a moment of sensory ecstasy. Actuellement au salon ! DITA &#8211; 27 ANS Dita, praticienne fran\u00e7aise aux mains de velours, vous invite \u00e0 une \u00e9treinte intime pour voyager dans un moment inoubliable ou &hellip;<\/p>\n<p class=\"read-more\"> <a class=\"\" href=\"https:\/\/qualifornia-massage.ch\/en\/our-practitioners-3\/\"> <span class=\"screen-reader-text\">Our practitioners<\/span> Read More &raquo;<\/a><\/p>\n","protected":false},"author":1,"featured_media":0,"parent":0,"menu_order":0,"comment_status":"closed","ping_status":"closed","template":"","meta":{"site-sidebar-layout":"default","site-content-layout":"default","ast-global-header-display":"","ast-main-header-display":"","ast-hfb-above-header-display":"","ast-hfb-below-header-display":"","ast-hfb-mobile-header-display":"","site-post-title":"","ast-breadcrumbs-content":"","ast-featured-img":"","footer-sml-layout":"","theme-transparent-header-meta":"","adv-header-id-meta":"","stick-header-meta":"","header-above-stick-meta":"","header-main-stick-meta":"","header-below-stick-meta":"","_glsr_average":0,"_glsr_ranking":0,"_glsr_reviews":0,"footnotes":""},"class_list":["post-33328","page","type-page","status-publish","hentry"],"_links":{"self":[{"href":"https:\/\/qualifornia-massage.ch\/en\/wp-json\/wp\/v2\/pages\/33328","targetHints":{"allow":["GET"]}}],"collection":[{"href":"https:\/\/qualifornia-massage.ch\/en\/wp-json\/wp\/v2\/pages"}],"about":[{"href":"https:\/\/qualifornia-massage.ch\/en\/wp-json\/wp\/v2\/types\/page"}],"author":[{"embeddable":true,"href":"https:\/\/qualifornia-massage.ch\/en\/wp-json\/wp\/v2\/users\/1"}],"replies":[{"embeddable":true,"href":"https:\/\/qualifornia-massage.ch\/en\/wp-json\/wp\/v2\/comments?post=33328"}],"version-history":[{"count":11,"href":"https:\/\/qualifornia-massage.ch\/en\/wp-json\/wp\/v2\/pages\/33328\/revisions"}],"predecessor-version":[{"id":33392,"href":"https:\/\/qualifornia-massage.ch\/en\/wp-json\/wp\/v2\/pages\/33328\/revisions\/33392"}],"wp:attachment":[{"href":"https:\/\/qualifornia-massage.ch\/en\/wp-json\/wp\/v2\/media?parent=33328"}],"curies":[{"name":"wp","href":"https:\/\/api.w.org\/{rel}","templated":true}]}}