{"id":31109,"date":"2023-03-30T18:48:46","date_gmt":"2023-03-30T16:48:46","guid":{"rendered":"https:\/\/qualifornia-massage.ch\/unsere-praktikerinnen\/"},"modified":"2024-07-26T17:31:27","modified_gmt":"2024-07-26T15:31:27","slug":"unsere-praktikerinnen","status":"publish","type":"page","link":"https:\/\/qualifornia-massage.ch\/de\/unsere-praktikerinnen\/","title":{"rendered":"Unsere Praktikerinnen"},"content":{"rendered":"\n<div class=\"wp-block-columns alignwide is-layout-flex wp-container-core-columns-is-layout-28f84493 wp-block-columns-is-layout-flex\">\n<div class=\"wp-block-column is-vertically-aligned-center is-layout-flow wp-block-column-is-layout-flow\">\n<h2 class=\"wp-block-heading has-text-align-left\">Lydia<\/h2>\n\n\n\n<p><\/p>\n<\/div>\n\n\n\n<div class=\"wp-block-column is-vertically-aligned-bottom is-layout-flow wp-block-column-is-layout-flow\">\n<figure class=\"wp-block-table alignfull\"><table><tbody><tr><td>Sprache<\/td><td class=\"has-text-align-center\" data-align=\"center\">Franz\u00f6sisch &#8211; Englisch &#8211; Spanisch &#8211; Portugiesisch<\/td><\/tr><tr><td>Alter<\/td><td class=\"has-text-align-center\" data-align=\"center\">35 Jahre<\/td><\/tr><tr><td>Herkunft<\/td><td class=\"has-text-align-center\" data-align=\"center\">Franz\u00f6sisch<\/td><\/tr><tr><td>Gr\u00f6\u00dfe<\/td><td class=\"has-text-align-center\" data-align=\"center\">1 m 65<\/td><\/tr><tr><td>Gewicht<\/td><td class=\"has-text-align-center\" data-align=\"center\">55 kg<\/td><\/tr><tr><td>Haare<\/td><td class=\"has-text-align-center\" data-align=\"center\">Kastanienbraun<\/td><\/tr><tr><td>Augen<\/td><td class=\"has-text-align-center\" data-align=\"center\">Gr\u00fcne<\/td><\/tr><\/tbody><\/table><\/figure>\n<\/div>\n<\/div>\n\n<div class=\"wp-block-columns alignwide is-layout-flex wp-container-core-columns-is-layout-28f84493 wp-block-columns-is-layout-flex\">\n<div class=\"wp-block-column is-vertically-aligned-center is-layout-flow wp-block-column-is-layout-flow\">\n<h2 class=\"wp-block-heading has-text-align-left\">Ma\u00e9va<\/h2>\n\n\n\n<p class=\"has-text-align-left\">Bald zur\u00fcck!<\/p>\n<\/div>\n\n\n\n<div class=\"wp-block-column is-vertically-aligned-bottom is-layout-flow wp-block-column-is-layout-flow\">\n<figure class=\"wp-block-table alignfull\"><table><tbody><tr><td>Sprache<\/td><td class=\"has-text-align-center\" data-align=\"center\">Franz\u00f6sisch<\/td><\/tr><tr><td>Alter<\/td><td class=\"has-text-align-center\" data-align=\"center\">26 Jahre<\/td><\/tr><tr><td>Herkunft<\/td><td class=\"has-text-align-center\" data-align=\"center\">Franz\u00f6sisch<\/td><\/tr><tr><td>Gr\u00f6\u00dfe<\/td><td class=\"has-text-align-center\" data-align=\"center\">1 m 64<\/td><\/tr><tr><td>Gewicht<\/td><td class=\"has-text-align-center\" data-align=\"center\">45 kg<\/td><\/tr><tr><td>Haare<\/td><td class=\"has-text-align-center\" data-align=\"center\">Schwarz<\/td><\/tr><tr><td>Augen<\/td><td class=\"has-text-align-center\" data-align=\"center\">Gr\u00fcne<\/td><\/tr><\/tbody><\/table><\/figure>\n<\/div>\n<\/div>\n\n<div style=\"height:150px\" aria-hidden=\"true\" class=\"wp-block-spacer\"><\/div>\n","protected":false},"excerpt":{"rendered":"<p>Lydia Sprache Franz\u00f6sisch &#8211; Englisch &#8211; Spanisch &#8211; Portugiesisch Alter 35 Jahre Herkunft Franz\u00f6sisch Gr\u00f6\u00dfe 1 m 65 Gewicht 55 kg Haare Kastanienbraun Augen Gr\u00fcne Ma\u00e9va Bald zur\u00fcck! Sprache Franz\u00f6sisch Alter 26 Jahre Herkunft Franz\u00f6sisch Gr\u00f6\u00dfe 1 m 64 Gewicht 45 kg Haare Schwarz Augen Gr\u00fcne<\/p>\n","protected":false},"author":1,"featured_media":0,"parent":0,"menu_order":0,"comment_status":"closed","ping_status":"closed","template":"","meta":{"site-sidebar-layout":"default","site-content-layout":"default","ast-global-header-display":"","ast-main-header-display":"","ast-hfb-above-header-display":"","ast-hfb-below-header-display":"","ast-hfb-mobile-header-display":"","site-post-title":"","ast-breadcrumbs-content":"","ast-featured-img":"","footer-sml-layout":"","theme-transparent-header-meta":"","adv-header-id-meta":"","stick-header-meta":"","header-above-stick-meta":"","header-main-stick-meta":"","header-below-stick-meta":"","_glsr_average":0,"_glsr_ranking":0,"_glsr_reviews":0,"footnotes":""},"class_list":["post-31109","page","type-page","status-publish","hentry"],"_links":{"self":[{"href":"https:\/\/qualifornia-massage.ch\/de\/wp-json\/wp\/v2\/pages\/31109","targetHints":{"allow":["GET"]}}],"collection":[{"href":"https:\/\/qualifornia-massage.ch\/de\/wp-json\/wp\/v2\/pages"}],"about":[{"href":"https:\/\/qualifornia-massage.ch\/de\/wp-json\/wp\/v2\/types\/page"}],"author":[{"embeddable":true,"href":"https:\/\/qualifornia-massage.ch\/de\/wp-json\/wp\/v2\/users\/1"}],"replies":[{"embeddable":true,"href":"https:\/\/qualifornia-massage.ch\/de\/wp-json\/wp\/v2\/comments?post=31109"}],"version-history":[{"count":29,"href":"https:\/\/qualifornia-massage.ch\/de\/wp-json\/wp\/v2\/pages\/31109\/revisions"}],"predecessor-version":[{"id":33286,"href":"https:\/\/qualifornia-massage.ch\/de\/wp-json\/wp\/v2\/pages\/31109\/revisions\/33286"}],"wp:attachment":[{"href":"https:\/\/qualifornia-massage.ch\/de\/wp-json\/wp\/v2\/media?parent=31109"}],"curies":[{"name":"wp","href":"https:\/\/api.w.org\/{rel}","templated":true}]}}