{"id":31101,"date":"2023-04-26T21:33:58","date_gmt":"2023-04-26T19:33:58","guid":{"rendered":"https:\/\/qualifornia-massage.ch\/tantrisches-bad\/"},"modified":"2023-10-15T21:02:41","modified_gmt":"2023-10-15T19:02:41","slug":"tantrisches-bad","status":"publish","type":"page","link":"https:\/\/qualifornia-massage.ch\/de\/tantrisches-bad\/","title":{"rendered":"Tantrisches Bad"},"content":{"rendered":"\n<div class=\"wp-block-columns alignfull is-layout-flex wp-container-core-columns-is-layout-28f84493 wp-block-columns-is-layout-flex\">\n<div class=\"wp-block-column is-layout-flow wp-block-column-is-layout-flow\">\n<h2 class=\"wp-block-heading\">TANTRISCHES BAD<\/h2>\n\n\n\n<div style=\"height:20px\" aria-hidden=\"true\" class=\"wp-block-spacer\"><\/div>\n\n\n\n<p>Als Vorstufe zur &#8222;Body Body Reciprocal&#8220;-Massage bietet das QualiforNia-Institut das &#8222;Tantrische Bad&#8220; an: Es besteht aus einem Bad, das v\u00f6llig nackt praktiziert wird (Masseur und Empf\u00e4nger).<\/p>\n\n\n\n<p>Das &#8222;Tantrische Bad&#8220; l\u00e4dt zur totalen Entspannung ein. Dieses Bad kann als ein <strong><em>wesentliche Passage<\/em><\/strong>. Eine Vorbereitung des K\u00f6rpers zu verfeinern und sch\u00e4rfen mehr die Sinne und bringen eine Empf\u00e4nglichkeit und ein Gef\u00fchl immer intensiver.<\/p>\n\n\n\n<p>Unsere sch\u00f6nen Praktikerinnen steigen mit Ihnen in das Bad ein. So werden Ihre K\u00f6rper <strong><em>in die W\u00e4rme des sprudelnden Wassers eingetaucht. Ein extrem reicher Moment der Erotik.<\/em><\/strong><\/p>\n\n\n\n<p>Die empfangenen und ausgetauschten Emotionen werden durch die erfahrenen H\u00e4nde unserer Praktikerinnen verzehnfacht, die Ihre geheimste Energieintensit\u00e4t erh\u00f6hen werden.<\/p>\n<\/div>\n\n\n\n<div class=\"wp-block-column is-layout-flow wp-block-column-is-layout-flow\">\n<figure class=\"wp-block-image aligncenter size-large is-resized\"><img loading=\"lazy\" decoding=\"async\" src=\"https:\/\/qualifornia-massage.ch\/wp-content\/uploads\/2023\/06\/4-bain-test-3_reca-870x1024.png\" alt=\"\" class=\"wp-image-30438\" width=\"701\" height=\"824\" srcset=\"https:\/\/qualifornia-massage.ch\/wp-content\/uploads\/2023\/06\/4-bain-test-3_reca-870x1024.png 870w, https:\/\/qualifornia-massage.ch\/wp-content\/uploads\/2023\/06\/4-bain-test-3_reca-600x706.png 600w, https:\/\/qualifornia-massage.ch\/wp-content\/uploads\/2023\/06\/4-bain-test-3_reca-255x300.png 255w, https:\/\/qualifornia-massage.ch\/wp-content\/uploads\/2023\/06\/4-bain-test-3_reca-768x903.png 768w, https:\/\/qualifornia-massage.ch\/wp-content\/uploads\/2023\/06\/4-bain-test-3_reca-1306x1536.png 1306w, https:\/\/qualifornia-massage.ch\/wp-content\/uploads\/2023\/06\/4-bain-test-3_reca-1741x2048.png 1741w\" sizes=\"auto, (max-width: 701px) 100vw, 701px\" \/><\/figure>\n<\/div>\n<\/div>\n\n<div style=\"height:40px\" aria-hidden=\"true\" class=\"wp-block-spacer\"><\/div>\n\n<h4 class=\"wp-block-heading has-text-align-center\"><strong>Preis : 50 CHF <\/strong> <strong>zus\u00e4tzlich <\/strong>zur gew\u00e4hlten &#8222;Body Body Reciprocal&#8220;-Massage (Dauer 15 Minuten).<\/h4>\n\n<div style=\"height:20px\" aria-hidden=\"true\" class=\"wp-block-spacer\"><\/div>\n\n<p class=\"has-text-align-center\"><strong>Reservierung 2 Stunden im Voraus wird begr\u00fc\u00dft.<\/strong><\/p>\n\n<div style=\"height:150px\" aria-hidden=\"true\" class=\"wp-block-spacer\"><\/div>\n","protected":false},"excerpt":{"rendered":"<p>TANTRISCHES BAD Als Vorstufe zur &#8222;Body Body Reciprocal&#8220;-Massage bietet das QualiforNia-Institut das &#8222;Tantrische Bad&#8220; an: Es besteht aus einem Bad, das v\u00f6llig nackt praktiziert wird (Masseur und Empf\u00e4nger). Das &#8222;Tantrische Bad&#8220; l\u00e4dt zur totalen Entspannung ein. Dieses Bad kann als ein wesentliche Passage. Eine Vorbereitung des K\u00f6rpers zu verfeinern und sch\u00e4rfen mehr die Sinne und &hellip;<\/p>\n<p class=\"read-more\"> <a class=\"\" href=\"https:\/\/qualifornia-massage.ch\/de\/tantrisches-bad\/\"> <span class=\"screen-reader-text\">Tantrisches Bad<\/span> Weiterlesen &raquo;<\/a><\/p>\n","protected":false},"author":1,"featured_media":0,"parent":0,"menu_order":0,"comment_status":"closed","ping_status":"closed","template":"","meta":{"site-sidebar-layout":"default","site-content-layout":"default","ast-global-header-display":"","ast-main-header-display":"","ast-hfb-above-header-display":"","ast-hfb-below-header-display":"","ast-hfb-mobile-header-display":"","site-post-title":"disabled","ast-breadcrumbs-content":"","ast-featured-img":"","footer-sml-layout":"","theme-transparent-header-meta":"","adv-header-id-meta":"","stick-header-meta":"","header-above-stick-meta":"","header-main-stick-meta":"","header-below-stick-meta":"","_glsr_average":0,"_glsr_ranking":0,"_glsr_reviews":0,"footnotes":""},"class_list":["post-31101","page","type-page","status-publish","hentry"],"_links":{"self":[{"href":"https:\/\/qualifornia-massage.ch\/de\/wp-json\/wp\/v2\/pages\/31101","targetHints":{"allow":["GET"]}}],"collection":[{"href":"https:\/\/qualifornia-massage.ch\/de\/wp-json\/wp\/v2\/pages"}],"about":[{"href":"https:\/\/qualifornia-massage.ch\/de\/wp-json\/wp\/v2\/types\/page"}],"author":[{"embeddable":true,"href":"https:\/\/qualifornia-massage.ch\/de\/wp-json\/wp\/v2\/users\/1"}],"replies":[{"embeddable":true,"href":"https:\/\/qualifornia-massage.ch\/de\/wp-json\/wp\/v2\/comments?post=31101"}],"version-history":[{"count":3,"href":"https:\/\/qualifornia-massage.ch\/de\/wp-json\/wp\/v2\/pages\/31101\/revisions"}],"predecessor-version":[{"id":31104,"href":"https:\/\/qualifornia-massage.ch\/de\/wp-json\/wp\/v2\/pages\/31101\/revisions\/31104"}],"wp:attachment":[{"href":"https:\/\/qualifornia-massage.ch\/de\/wp-json\/wp\/v2\/media?parent=31101"}],"curies":[{"name":"wp","href":"https:\/\/api.w.org\/{rel}","templated":true}]}}