{"id":31090,"date":"2023-04-26T21:10:48","date_gmt":"2023-04-26T19:10:48","guid":{"rendered":"https:\/\/qualifornia-massage.ch\/body-body-reziprok\/"},"modified":"2024-10-12T10:12:19","modified_gmt":"2024-10-12T08:12:19","slug":"body-body-reziprok","status":"publish","type":"page","link":"https:\/\/qualifornia-massage.ch\/de\/body-body-reziprok\/","title":{"rendered":"Gegenseitige Body Body"},"content":{"rendered":"\n<div class=\"wp-block-columns alignfull is-layout-flex wp-container-core-columns-is-layout-28f84493 wp-block-columns-is-layout-flex\">\n<div class=\"wp-block-column is-layout-flow wp-block-column-is-layout-flow\">\n<h2 class=\"wp-block-heading\">GEGESEITIGE BODY BODY TANTRA-MASSAGE<\/h2>\n\n\n\n<div style=\"height:20px\" aria-hidden=\"true\" class=\"wp-block-spacer\"><\/div>\n\n\n\n<p>Die \u00abgegenseitige Body Body\u00bb Massage ist eine Ganzk\u00f6rpermassage mit warmem \u00d6l (neutral und in Bio-Qualit\u00e4t), bei der sowohl die Masseurin als auch der Empf\u00e4nger komplett nackt sind.<\/p>\n\n\n\n<p>Als wahrhaftige Quintessenz der Massagekunst bewirkt sie eine ekstatische Form des sinnlichen Vergn\u00fcgens.<\/p>\n\n\n\n<p>Dabei umh\u00fcllt die Masseurin Sie und massiert Sie mit allen Teilen ihres K\u00f6rpers (H\u00e4nde, Unterarme, Br\u00fcste, Ges\u00e4\u00df und Schritt).<\/p>\n\n\n\n<p>Bei dieser \u00e4usserst intimen Massage, die besonders sanft und mit Feingef\u00fchl durchgef\u00fchrt wird, entf\u00fchrt Sie Ihre Masseurin an den ultimativen Punkt des Wohlbefindens und der Selbstentdeckung. Mit jeder Geste und jedem Atemzug tauchen Sie tiefer in ein schwindelerregendes Labyrinth aus neuen Empfindungen ein. Die zwischen der Masseurin und der massierten Person entstehende N\u00e4he ist nicht mit einer sexuellen Leistung vergleichbar.<\/p>\n\n\n\n<p>Bei dieser intensiven K\u00f6rper-zu-K\u00f6rper-Behandlung k\u00f6nnen Sie sich ganz hingeben und mit vollem Bewusstsein eine Entspannungsreise in die tiefste Vollkommenheit erleben.<\/p>\n\n\n\n<p>Zum Abschluss der Sitzung erfolgt eine LINGAM-Massage.<\/p>\n<\/div>\n\n\n\n<div class=\"wp-block-column is-layout-flow wp-block-column-is-layout-flow\">\n<figure class=\"wp-block-image aligncenter size-large is-resized\"><img loading=\"lazy\" decoding=\"async\" width=\"870\" height=\"1024\" src=\"https:\/\/qualifornia-massage.ch\/wp-content\/uploads\/2023\/06\/3-Body-Body-reciproque_reca-870x1024.png\" alt=\"\" class=\"wp-image-30425\" style=\"width:707px;height:831px\" srcset=\"https:\/\/qualifornia-massage.ch\/wp-content\/uploads\/2023\/06\/3-Body-Body-reciproque_reca-870x1024.png 870w, https:\/\/qualifornia-massage.ch\/wp-content\/uploads\/2023\/06\/3-Body-Body-reciproque_reca-600x706.png 600w, https:\/\/qualifornia-massage.ch\/wp-content\/uploads\/2023\/06\/3-Body-Body-reciproque_reca-255x300.png 255w, https:\/\/qualifornia-massage.ch\/wp-content\/uploads\/2023\/06\/3-Body-Body-reciproque_reca-768x904.png 768w, https:\/\/qualifornia-massage.ch\/wp-content\/uploads\/2023\/06\/3-Body-Body-reciproque_reca-1305x1536.png 1305w, https:\/\/qualifornia-massage.ch\/wp-content\/uploads\/2023\/06\/3-Body-Body-reciproque_reca-1740x2048.png 1740w\" sizes=\"auto, (max-width: 870px) 100vw, 870px\" \/><\/figure>\n<\/div>\n<\/div>\n\n<div class=\"wp-block-columns is-layout-flex wp-container-core-columns-is-layout-28f84493 wp-block-columns-is-layout-flex\">\n<div class=\"wp-block-column is-layout-flow wp-block-column-is-layout-flow\">\n<h4 class=\"wp-block-heading has-text-align-center\">60 Minuten<\/h4>\n\n\n\n<figure class=\"wp-block-table\"><table><tbody><tr><td>Nackte Masseurin<\/td><\/tr><tr><td><strong>Preis : 250 CHF<\/strong><\/td><\/tr><tr><td><strong>Preis: 270 CHF<\/strong> &#8211; Duschen mit der Therapeutin<\/td><\/tr><tr><td><strong>Preis: 300 CHF<\/strong> &#8211; Tantra-Bad mit der Praktikerin<\/td><\/tr><\/tbody><\/table><\/figure>\n\n\n\n<div class=\"wp-block-buttons is-content-justification-center is-layout-flex wp-container-core-buttons-is-layout-a89b3969 wp-block-buttons-is-layout-flex\"><\/div>\n<\/div>\n\n\n\n<div class=\"wp-block-column is-layout-flow wp-block-column-is-layout-flow\">\n<h4 class=\"wp-block-heading has-text-align-center\">90 Minuten<\/h4>\n\n\n\n<figure class=\"wp-block-table\"><table><tbody><tr><td>Nackte Masseurin<\/td><\/tr><tr><td><strong>Preis: 350 CHF<\/strong><\/td><\/tr><tr><td><strong><strong>Preis: 370 CHF<\/strong> &#8211; Duschen mit der Therapeutin  <\/strong><\/td><\/tr><tr><td><strong>Preis: 400 CHF<\/strong> &#8211; Tantra-Bad mit der Praktikerin<\/td><\/tr><\/tbody><\/table><\/figure>\n\n\n\n<div class=\"wp-block-buttons is-content-justification-center is-layout-flex wp-container-core-buttons-is-layout-a89b3969 wp-block-buttons-is-layout-flex\"><\/div>\n<\/div>\n<\/div>\n\n<div style=\"height:50px\" aria-hidden=\"true\" class=\"wp-block-spacer\"><\/div>\n\n<h4 class=\"wp-block-heading has-text-align-center\">Vierh\u00e4ndige Massage \/ Paar-Massage (Tantra-Bad gratis)<\/h4>\n\n<div class=\"wp-block-buttons is-content-justification-center is-layout-flex wp-container-core-buttons-is-layout-a89b3969 wp-block-buttons-is-layout-flex\"><\/div>\n\n<div class=\"wp-block-columns are-vertically-aligned-center is-layout-flex wp-container-core-columns-is-layout-28f84493 wp-block-columns-is-layout-flex\">\n<div class=\"wp-block-column is-vertically-aligned-center is-layout-flow wp-block-column-is-layout-flow\">\n<h4 class=\"wp-block-heading has-text-align-center\">90 Minuten<\/h4>\n\n\n\n<figure class=\"wp-block-table aligncenter\"><table><tbody><tr><td class=\"has-text-align-center\" data-align=\"center\"><strong>Preis f\u00fcr eine vierh\u00e4ndige Massage: 750 CHF<\/strong><\/td><\/tr><tr><td class=\"has-text-align-center\" data-align=\"center\"><strong>Preis Paar-Massage: 750 CHF<\/strong> <\/td><\/tr><\/tbody><\/table><\/figure>\n<\/div>\n<\/div>\n\n<p><\/p>\n\n<div style=\"height:150px\" aria-hidden=\"true\" class=\"wp-block-spacer\"><\/div>\n","protected":false},"excerpt":{"rendered":"<p>GEGESEITIGE BODY BODY TANTRA-MASSAGE Die \u00abgegenseitige Body Body\u00bb Massage ist eine Ganzk\u00f6rpermassage mit warmem \u00d6l (neutral und in Bio-Qualit\u00e4t), bei der sowohl die Masseurin als auch der Empf\u00e4nger komplett nackt sind. Als wahrhaftige Quintessenz der Massagekunst bewirkt sie eine ekstatische Form des sinnlichen Vergn\u00fcgens. Dabei umh\u00fcllt die Masseurin Sie und massiert Sie mit allen Teilen &hellip;<\/p>\n<p class=\"read-more\"> <a class=\"\" href=\"https:\/\/qualifornia-massage.ch\/de\/body-body-reziprok\/\"> <span class=\"screen-reader-text\">Gegenseitige Body Body<\/span> Weiterlesen &raquo;<\/a><\/p>\n","protected":false},"author":1,"featured_media":0,"parent":0,"menu_order":0,"comment_status":"closed","ping_status":"closed","template":"","meta":{"site-sidebar-layout":"default","site-content-layout":"default","ast-global-header-display":"","ast-main-header-display":"","ast-hfb-above-header-display":"","ast-hfb-below-header-display":"","ast-hfb-mobile-header-display":"","site-post-title":"disabled","ast-breadcrumbs-content":"","ast-featured-img":"","footer-sml-layout":"","theme-transparent-header-meta":"","adv-header-id-meta":"","stick-header-meta":"","header-above-stick-meta":"","header-main-stick-meta":"","header-below-stick-meta":"","_glsr_average":0,"_glsr_ranking":0,"_glsr_reviews":0,"footnotes":""},"class_list":["post-31090","page","type-page","status-publish","hentry"],"_links":{"self":[{"href":"https:\/\/qualifornia-massage.ch\/de\/wp-json\/wp\/v2\/pages\/31090","targetHints":{"allow":["GET"]}}],"collection":[{"href":"https:\/\/qualifornia-massage.ch\/de\/wp-json\/wp\/v2\/pages"}],"about":[{"href":"https:\/\/qualifornia-massage.ch\/de\/wp-json\/wp\/v2\/types\/page"}],"author":[{"embeddable":true,"href":"https:\/\/qualifornia-massage.ch\/de\/wp-json\/wp\/v2\/users\/1"}],"replies":[{"embeddable":true,"href":"https:\/\/qualifornia-massage.ch\/de\/wp-json\/wp\/v2\/comments?post=31090"}],"version-history":[{"count":9,"href":"https:\/\/qualifornia-massage.ch\/de\/wp-json\/wp\/v2\/pages\/31090\/revisions"}],"predecessor-version":[{"id":33341,"href":"https:\/\/qualifornia-massage.ch\/de\/wp-json\/wp\/v2\/pages\/31090\/revisions\/33341"}],"wp:attachment":[{"href":"https:\/\/qualifornia-massage.ch\/de\/wp-json\/wp\/v2\/media?parent=31090"}],"curies":[{"name":"wp","href":"https:\/\/api.w.org\/{rel}","templated":true}]}}