{"id":31067,"date":"2023-04-02T18:40:45","date_gmt":"2023-04-02T16:40:45","guid":{"rendered":"https:\/\/qualifornia-massage.ch\/startseite\/"},"modified":"2023-11-09T18:40:42","modified_gmt":"2023-11-09T17:40:42","slug":"startseite","status":"publish","type":"page","link":"https:\/\/qualifornia-massage.ch\/de\/","title":{"rendered":"Startseite"},"content":{"rendered":"\n<h1 class=\"wp-block-heading alignwide has-text-align-center\">INSTITUT F\u00dcR TANTRA-MASSAGE<\/h1>\n\n<div class=\"wp-block-columns is-layout-flex wp-container-core-columns-is-layout-28f84493 wp-block-columns-is-layout-flex\">\n<div class=\"wp-block-column is-layout-flow wp-block-column-is-layout-flow\">\n<figure class=\"wp-block-image aligncenter size-full\"><img loading=\"lazy\" decoding=\"async\" width=\"400\" height=\"400\" src=\"https:\/\/qualifornia-massage.ch\/wp-content\/uploads\/2023\/04\/Logo-test-400.png\" alt=\"\" class=\"wp-image-29634\" srcset=\"https:\/\/qualifornia-massage.ch\/wp-content\/uploads\/2023\/04\/Logo-test-400.png 400w, https:\/\/qualifornia-massage.ch\/wp-content\/uploads\/2023\/04\/Logo-test-400-300x300.png 300w, https:\/\/qualifornia-massage.ch\/wp-content\/uploads\/2023\/04\/Logo-test-400-100x100.png 100w, https:\/\/qualifornia-massage.ch\/wp-content\/uploads\/2023\/04\/Logo-test-400-150x150.png 150w\" sizes=\"auto, (max-width: 400px) 100vw, 400px\" \/><\/figure>\n<\/div>\n<\/div>\n\n<div style=\"height:15px\" aria-hidden=\"true\" class=\"wp-block-spacer\"><\/div>\n\n<p class=\"has-text-align-center\">Bei der Tantra-Massage werden in einer speziell daf\u00fcr geschaffenen Atmosph\u00e4re eine Reihe subtiler Massagegriffe angewendet, um Ihre Sinne zu wecken.<\/p>\n\n<p class=\"has-text-align-center\">Diese Massage der tausend Gen\u00fcsse ist das Tor zur Entdeckung des eigenen K\u00f6rpers und erm\u00f6glicht es Ihnen, ein Gef\u00fchl der Transzendenz, des Wohlbefindens und der Ekstase zu erleben.<\/p>\n\n<p class=\"has-text-align-center\">Das QualiforNia-Institut bietet Ihnen einen einzigartigen, bezaubernden und sinnlichen Raum, in dem Sie in aller Diskretion von unserem Praxisteam mit hochwertigen Leistungen verw\u00f6hnt werden.<\/p>\n\n<p class=\"has-text-align-center\">Erleben Sie eine unvergessliche hedonistische Erfahrung in einer Atmosph\u00e4re, die der Entspannung, dem Vergn\u00fcgen und dem gemeinsamen Lustempfinden gewidmet ist.<\/p>\n\n<div style=\"height:150px\" aria-hidden=\"true\" class=\"wp-block-spacer\"><\/div>\n","protected":false},"excerpt":{"rendered":"<p>INSTITUT F\u00dcR TANTRA-MASSAGE Bei der Tantra-Massage werden in einer speziell daf\u00fcr geschaffenen Atmosph\u00e4re eine Reihe subtiler Massagegriffe angewendet, um Ihre Sinne zu wecken. Diese Massage der tausend Gen\u00fcsse ist das Tor zur Entdeckung des eigenen K\u00f6rpers und erm\u00f6glicht es Ihnen, ein Gef\u00fchl der Transzendenz, des Wohlbefindens und der Ekstase zu erleben. Das QualiforNia-Institut bietet Ihnen &hellip;<\/p>\n<p class=\"read-more\"> <a class=\"\" href=\"https:\/\/qualifornia-massage.ch\/de\/\"> <span class=\"screen-reader-text\">Startseite<\/span> Weiterlesen &raquo;<\/a><\/p>\n","protected":false},"author":1,"featured_media":0,"parent":0,"menu_order":0,"comment_status":"closed","ping_status":"closed","template":"","meta":{"site-sidebar-layout":"default","site-content-layout":"default","ast-global-header-display":"","ast-main-header-display":"","ast-hfb-above-header-display":"","ast-hfb-below-header-display":"","ast-hfb-mobile-header-display":"","site-post-title":"disabled","ast-breadcrumbs-content":"","ast-featured-img":"","footer-sml-layout":"","theme-transparent-header-meta":"","adv-header-id-meta":"","stick-header-meta":"","header-above-stick-meta":"","header-main-stick-meta":"","header-below-stick-meta":"","_glsr_average":0,"_glsr_ranking":0,"_glsr_reviews":0,"footnotes":""},"class_list":["post-31067","page","type-page","status-publish","hentry"],"_links":{"self":[{"href":"https:\/\/qualifornia-massage.ch\/de\/wp-json\/wp\/v2\/pages\/31067","targetHints":{"allow":["GET"]}}],"collection":[{"href":"https:\/\/qualifornia-massage.ch\/de\/wp-json\/wp\/v2\/pages"}],"about":[{"href":"https:\/\/qualifornia-massage.ch\/de\/wp-json\/wp\/v2\/types\/page"}],"author":[{"embeddable":true,"href":"https:\/\/qualifornia-massage.ch\/de\/wp-json\/wp\/v2\/users\/1"}],"replies":[{"embeddable":true,"href":"https:\/\/qualifornia-massage.ch\/de\/wp-json\/wp\/v2\/comments?post=31067"}],"version-history":[{"count":6,"href":"https:\/\/qualifornia-massage.ch\/de\/wp-json\/wp\/v2\/pages\/31067\/revisions"}],"predecessor-version":[{"id":32434,"href":"https:\/\/qualifornia-massage.ch\/de\/wp-json\/wp\/v2\/pages\/31067\/revisions\/32434"}],"wp:attachment":[{"href":"https:\/\/qualifornia-massage.ch\/de\/wp-json\/wp\/v2\/media?parent=31067"}],"curies":[{"name":"wp","href":"https:\/\/api.w.org\/{rel}","templated":true}]}}